{"id":506,"date":"2023-11-06T14:20:02","date_gmt":"2023-11-06T14:20:02","guid":{"rendered":"https:\/\/krs.cilla.enson.se\/?page_id=506"},"modified":"2023-11-06T14:25:22","modified_gmt":"2023-11-06T14:25:22","slug":"hem2","status":"publish","type":"page","link":"https:\/\/krsservice.se\/","title":{"rendered":"Hem"},"content":{"rendered":"\t\t<div data-elementor-type=\"wp-page\" data-elementor-id=\"506\" class=\"elementor elementor-506\" data-elementor-post-type=\"page\">\n\t\t\t\t<div class=\"elementor-element elementor-element-36ed0fd e-flex e-con-boxed e-con e-parent\" data-id=\"36ed0fd\" data-element_type=\"container\" data-e-type=\"container\" data-settings=\"{&quot;background_background&quot;:&quot;slideshow&quot;,&quot;background_slideshow_gallery&quot;:[{&quot;id&quot;:429,&quot;url&quot;:&quot;https:\\\/\\\/krsservice.se\\\/wp-content\\\/uploads\\\/2023\\\/10\\\/tvatthall-scaled.jpg&quot;},{&quot;id&quot;:391,&quot;url&quot;:&quot;https:\\\/\\\/krsservice.se\\\/wp-content\\\/uploads\\\/2023\\\/09\\\/Image-1.jpeg&quot;},{&quot;id&quot;:440,&quot;url&quot;:&quot;https:\\\/\\\/krsservice.se\\\/wp-content\\\/uploads\\\/2023\\\/10\\\/portar-mekplats-scaled.jpg&quot;}],&quot;background_slideshow_ken_burns&quot;:&quot;yes&quot;,&quot;background_slideshow_loop&quot;:&quot;yes&quot;,&quot;background_slideshow_slide_duration&quot;:5000,&quot;background_slideshow_slide_transition&quot;:&quot;fade&quot;,&quot;background_slideshow_transition_duration&quot;:500,&quot;background_slideshow_ken_burns_zoom_direction&quot;:&quot;in&quot;}\">\n\t\t\t\t\t<div class=\"e-con-inner\">\n\t\t\t\t<div class=\"elementor-element elementor-element-fe00b79 reveal elementor-widget elementor-widget-theme-site-logo elementor-widget-image\" data-id=\"fe00b79\" data-element_type=\"widget\" data-e-type=\"widget\" data-settings=\"{&quot;_animation&quot;:&quot;none&quot;,&quot;_animation_delay&quot;:1000}\" data-widget_type=\"theme-site-logo.default\">\n\t\t\t\t<div class=\"elementor-widget-container\">\n\t\t\t\t\t\t\t\t\t\t\t<a href=\"https:\/\/krsservice.se\">\n\t\t\t<img fetchpriority=\"high\" decoding=\"async\" width=\"631\" height=\"596\" src=\"https:\/\/krsservice.se\/wp-content\/uploads\/2023\/09\/Primar.png\" class=\"attachment-full size-full wp-image-12\" alt=\"\" srcset=\"https:\/\/krsservice.se\/wp-content\/uploads\/2023\/09\/Primar.png 631w, https:\/\/krsservice.se\/wp-content\/uploads\/2023\/09\/Primar-300x283.png 300w\" sizes=\"(max-width: 631px) 100vw, 631px\" \/>\t\t\t\t<\/a>\n\t\t\t\t\t\t\t\t\t\t\t<\/div>\n\t\t\t\t<\/div>\n\t\t\t\t<div class=\"elementor-element elementor-element-82982e9 elementor-widget__width-initial animated-slow elementor-widget elementor-widget-text-editor\" data-id=\"82982e9\" data-element_type=\"widget\" data-e-type=\"widget\" data-settings=\"{&quot;_animation&quot;:&quot;none&quot;,&quot;_animation_delay&quot;:3000}\" data-widget_type=\"text-editor.default\">\n\t\t\t\t<div class=\"elementor-widget-container\">\n\t\t\t\t\t\t\t\t\t<p>Hemsidan under konstruktion<\/p><p class=\"preFade fadeIn\">Hampn\u00e4sv\u00e4gen 37, 894 31 Sj\u00e4levad<\/p><p class=\"preFade fadeIn\">\u00d6ppet alla dagar kl 8-17<\/p><p><strong><a href=\"mailto:info@krsservice.se\">info@krsservice.se<\/a><\/strong><\/p><p>Telefontid m\u00e5ndag, tisdag och torsdag 09.00 &#8211; 12.00:<br \/><a href=\"tel:066098899\"><strong>0660-98899<\/strong><\/a><\/p>\t\t\t\t\t\t\t\t<\/div>\n\t\t\t\t<\/div>\n\t\t\t\t\t<\/div>\n\t\t\t\t<\/div>\n\t\t\t\t<\/div>\n\t\t","protected":false},"excerpt":{"rendered":"<p>Hemsidan under konstruktion Hampn\u00e4sv\u00e4gen 37, 894 31 Sj\u00e4levad \u00d6ppet alla dagar kl 8-17 info@krsservice.se Telefontid m\u00e5ndag, tisdag och torsdag 09.00 &#8211; 12.00:0660-98899<\/p>\n","protected":false},"author":1,"featured_media":0,"parent":0,"menu_order":0,"comment_status":"closed","ping_status":"closed","template":"elementor_canvas","meta":{"_acf_changed":false,"footnotes":""},"class_list":["post-506","page","type-page","status-publish","hentry"],"acf":[],"_links":{"self":[{"href":"https:\/\/krsservice.se\/index.php\/wp-json\/wp\/v2\/pages\/506","targetHints":{"allow":["GET"]}}],"collection":[{"href":"https:\/\/krsservice.se\/index.php\/wp-json\/wp\/v2\/pages"}],"about":[{"href":"https:\/\/krsservice.se\/index.php\/wp-json\/wp\/v2\/types\/page"}],"author":[{"embeddable":true,"href":"https:\/\/krsservice.se\/index.php\/wp-json\/wp\/v2\/users\/1"}],"replies":[{"embeddable":true,"href":"https:\/\/krsservice.se\/index.php\/wp-json\/wp\/v2\/comments?post=506"}],"version-history":[{"count":16,"href":"https:\/\/krsservice.se\/index.php\/wp-json\/wp\/v2\/pages\/506\/revisions"}],"predecessor-version":[{"id":525,"href":"https:\/\/krsservice.se\/index.php\/wp-json\/wp\/v2\/pages\/506\/revisions\/525"}],"wp:attachment":[{"href":"https:\/\/krsservice.se\/index.php\/wp-json\/wp\/v2\/media?parent=506"}],"curies":[{"name":"wp","href":"https:\/\/api.w.org\/{rel}","templated":true}]}}